{"id":2001,"date":"2026-02-17T12:19:46","date_gmt":"2026-02-17T12:19:46","guid":{"rendered":"https:\/\/comisiondeasuntosamericanos.com\/115sesion\/?page_id=2001"},"modified":"2026-02-22T17:50:05","modified_gmt":"2026-02-22T17:50:05","slug":"uinl","status":"publish","type":"page","link":"https:\/\/comisiondeasuntosamericanos.com\/115sesion\/uinl\/","title":{"rendered":"UINL"},"content":{"rendered":"\t\t<div data-elementor-type=\"wp-page\" data-elementor-id=\"2001\" class=\"elementor elementor-2001\">\n\t\t\t\t<div class=\"elementor-element elementor-element-b30c316 e-flex e-con-boxed e-con e-parent\" data-id=\"b30c316\" data-element_type=\"container\" data-e-type=\"container\">\n\t\t\t\t\t<div class=\"e-con-inner\">\n\t\t<div class=\"elementor-element elementor-element-c5bc99e e-con-full e-flex e-con e-child\" data-id=\"c5bc99e\" data-element_type=\"container\" data-e-type=\"container\">\n\t\t\t\t<div class=\"elementor-element elementor-element-ef643b9 elementor-widget elementor-widget-heading\" data-id=\"ef643b9\" data-element_type=\"widget\" data-e-type=\"widget\" data-widget_type=\"heading.default\">\n\t\t\t\t\t<h2 class=\"elementor-heading-title elementor-size-default\">La Voz del Notariado a Nivel Mundial: UINL<\/h2>\t\t\t\t<\/div>\n\t\t\t\t<div class=\"elementor-element elementor-element-cb31570 elementor-widget elementor-widget-text-editor\" data-id=\"cb31570\" data-element_type=\"widget\" data-e-type=\"widget\" data-widget_type=\"text-editor.default\">\n\t\t\t\t\t\t\t\t\t<p>Una organizaci\u00f3n internacional no gubernamental, instituida para promover, coordinar y desarrollar la funci\u00f3n y la actividad notarial en todo el mundo<\/p>\t\t\t\t\t\t\t\t<\/div>\n\t\t\t\t<\/div>\n\t\t<div class=\"elementor-element elementor-element-f779764 e-con-full e-flex e-con e-child\" data-id=\"f779764\" data-element_type=\"container\" data-e-type=\"container\">\n\t\t\t\t<div class=\"elementor-element elementor-element-8477aa7 elementor-widget elementor-widget-image\" data-id=\"8477aa7\" data-element_type=\"widget\" data-e-type=\"widget\" data-widget_type=\"image.default\">\n\t\t\t\t\t\t\t\t\t\t\t\t\t\t\t<img fetchpriority=\"high\" decoding=\"async\" width=\"921\" height=\"569\" src=\"https:\/\/comisiondeasuntosamericanos.com\/115sesion\/wp-content\/uploads\/2026\/02\/placeholder.png\" class=\"attachment-large size-large wp-image-2013\" alt=\"\" srcset=\"https:\/\/comisiondeasuntosamericanos.com\/115sesion\/wp-content\/uploads\/2026\/02\/placeholder.png 921w, https:\/\/comisiondeasuntosamericanos.com\/115sesion\/wp-content\/uploads\/2026\/02\/placeholder-300x185.png 300w, https:\/\/comisiondeasuntosamericanos.com\/115sesion\/wp-content\/uploads\/2026\/02\/placeholder-768x474.png 768w, https:\/\/comisiondeasuntosamericanos.com\/115sesion\/wp-content\/uploads\/2026\/02\/placeholder-600x371.png 600w\" sizes=\"(max-width: 921px) 100vw, 921px\" loading=\"eager\" \/>\t\t\t\t\t\t\t\t\t\t\t\t\t\t\t<\/div>\n\t\t\t\t<\/div>\n\t\t\t\t\t<\/div>\n\t\t\t\t<\/div>\n\t\t<div class=\"elementor-element elementor-element-16e5aa1 e-flex e-con-boxed e-con e-parent\" data-id=\"16e5aa1\" data-element_type=\"container\" data-e-type=\"container\">\n\t\t\t\t\t<div class=\"e-con-inner\">\n\t\t<div class=\"elementor-element elementor-element-6638da1 e-con-full e-flex e-con e-child\" data-id=\"6638da1\" data-element_type=\"container\" data-e-type=\"container\">\n\t\t\t\t<div class=\"elementor-element elementor-element-c53562b elementor-widget elementor-widget-image\" data-id=\"c53562b\" data-element_type=\"widget\" data-e-type=\"widget\" data-widget_type=\"image.default\">\n\t\t\t\t\t\t\t\t\t\t\t\t\t\t\t<img decoding=\"async\" width=\"1024\" height=\"682\" src=\"https:\/\/comisiondeasuntosamericanos.com\/115sesion\/wp-content\/uploads\/2026\/02\/WhatsApp-Image-2026-02-20-at-4.43.37-PM-1024x682.jpeg\" class=\"attachment-large size-large wp-image-2362\" alt=\"\" srcset=\"https:\/\/comisiondeasuntosamericanos.com\/115sesion\/wp-content\/uploads\/2026\/02\/WhatsApp-Image-2026-02-20-at-4.43.37-PM-1024x682.jpeg 1024w, https:\/\/comisiondeasuntosamericanos.com\/115sesion\/wp-content\/uploads\/2026\/02\/WhatsApp-Image-2026-02-20-at-4.43.37-PM-300x200.jpeg 300w, https:\/\/comisiondeasuntosamericanos.com\/115sesion\/wp-content\/uploads\/2026\/02\/WhatsApp-Image-2026-02-20-at-4.43.37-PM-768x512.jpeg 768w, https:\/\/comisiondeasuntosamericanos.com\/115sesion\/wp-content\/uploads\/2026\/02\/WhatsApp-Image-2026-02-20-at-4.43.37-PM-1536x1023.jpeg 1536w, https:\/\/comisiondeasuntosamericanos.com\/115sesion\/wp-content\/uploads\/2026\/02\/WhatsApp-Image-2026-02-20-at-4.43.37-PM-600x400.jpeg 600w, https:\/\/comisiondeasuntosamericanos.com\/115sesion\/wp-content\/uploads\/2026\/02\/WhatsApp-Image-2026-02-20-at-4.43.37-PM.jpeg 1600w\" sizes=\"(max-width: 1024px) 100vw, 1024px\" loading=\"eager\" \/>\t\t\t\t\t\t\t\t\t\t\t\t\t\t\t<\/div>\n\t\t\t\t<\/div>\n\t\t<div class=\"elementor-element elementor-element-086fff8 e-con-full e-flex e-con e-child\" data-id=\"086fff8\" data-element_type=\"container\" data-e-type=\"container\">\n\t\t\t\t<div class=\"elementor-element elementor-element-6bf7d37 elementor-widget elementor-widget-heading\" data-id=\"6bf7d37\" data-element_type=\"widget\" data-e-type=\"widget\" data-widget_type=\"heading.default\">\n\t\t\t\t\t<h2 class=\"elementor-heading-title elementor-size-default\">Compromiso con la Seguridad Jur\u00eddica Global<\/h2>\t\t\t\t<\/div>\n\t\t\t\t<div class=\"elementor-element elementor-element-6d06541 elementor-widget elementor-widget-text-editor\" data-id=\"6d06541\" data-element_type=\"widget\" data-e-type=\"widget\" data-widget_type=\"text-editor.default\">\n\t\t\t\t\t\t\t\t\t<p style=\"text-align: center;\">La UINL representa a m\u00e1s de 93 pa\u00edses miembros, qu\u00e9 garantizan la autenticidad y legalidad de los actos jur\u00eddicos de millones de ciudadanos en el mundo. Su presencia en la <b data-path-to-node=\"7,1,0\" data-index-in-node=\"186\">115\u00b0 Sesi\u00f3n Plenaria<\/b> en Bolivia refuerza los lazos de cooperaci\u00f3n en el continente americano<\/p>\t\t\t\t\t\t\t\t<\/div>\n\t\t\t\t<\/div>\n\t\t\t\t\t<\/div>\n\t\t\t\t<\/div>\n\t\t<div class=\"elementor-element elementor-element-f16dd3d e-flex e-con-boxed e-con e-parent\" data-id=\"f16dd3d\" data-element_type=\"container\" data-e-type=\"container\">\n\t\t\t\t\t<div class=\"e-con-inner\">\n\t\t\t\t<div class=\"elementor-element elementor-element-2a08d10 elementor-view-default elementor-position-block-start elementor-mobile-position-block-start elementor-widget elementor-widget-icon-box\" data-id=\"2a08d10\" data-element_type=\"widget\" data-e-type=\"widget\" data-widget_type=\"icon-box.default\">\n\t\t\t\t\t\t\t<div class=\"elementor-icon-box-wrapper\">\n\n\t\t\t\t\t\t<div class=\"elementor-icon-box-icon\">\n\t\t\t\t<span  class=\"elementor-icon\">\n\t\t\t\t<svg aria-hidden=\"true\" class=\"e-font-icon-svg e-fas-hands-helping\" viewBox=\"0 0 640 512\" xmlns=\"http:\/\/www.w3.org\/2000\/svg\"><path d=\"M488 192H336v56c0 39.7-32.3 72-72 72s-72-32.3-72-72V126.4l-64.9 39C107.8 176.9 96 197.8 96 220.2v47.3l-80 46.2C.7 322.5-4.6 342.1 4.3 357.4l80 138.6c8.8 15.3 28.4 20.5 43.7 11.7L231.4 448H368c35.3 0 64-28.7 64-64h16c17.7 0 32-14.3 32-32v-64h8c13.3 0 24-10.7 24-24v-48c0-13.3-10.7-24-24-24zm147.7-37.4L555.7 16C546.9.7 527.3-4.5 512 4.3L408.6 64H306.4c-12 0-23.7 3.4-33.9 9.7L239 94.6c-9.4 5.8-15 16.1-15 27.1V248c0 22.1 17.9 40 40 40s40-17.9 40-40v-88h184c30.9 0 56 25.1 56 56v28.5l80-46.2c15.3-8.9 20.5-28.4 11.7-43.7z\"><\/path><\/svg>\t\t\t\t<\/span>\n\t\t\t<\/div>\n\t\t\t\n\t\t\t\t\t\t<div class=\"elementor-icon-box-content\">\n\n\t\t\t\t\t\t\t\t\t<h3 class=\"elementor-icon-box-title\">\n\t\t\t\t\t\t<span  >\n\t\t\t\t\t\t\tCooperaci\u00f3n\t\t\t\t\t\t<\/span>\n\t\t\t\t\t<\/h3>\n\t\t\t\t\n\t\t\t\t\t\t\t\t\t<p class=\"elementor-icon-box-description\">\n\t\t\t\t\t\tFomentar el intercambio de conocimientos t\u00e9cnicos\t\t\t\t\t<\/p>\n\t\t\t\t\n\t\t\t<\/div>\n\t\t\t\n\t\t<\/div>\n\t\t\t\t\t\t<\/div>\n\t\t\t\t<div class=\"elementor-element elementor-element-ab023b4 elementor-view-default elementor-position-block-start elementor-mobile-position-block-start elementor-widget elementor-widget-icon-box\" data-id=\"ab023b4\" data-element_type=\"widget\" data-e-type=\"widget\" data-widget_type=\"icon-box.default\">\n\t\t\t\t\t\t\t<div class=\"elementor-icon-box-wrapper\">\n\n\t\t\t\t\t\t<div class=\"elementor-icon-box-icon\">\n\t\t\t\t<span  class=\"elementor-icon\">\n\t\t\t\t<svg aria-hidden=\"true\" class=\"e-font-icon-svg e-fab-deviantart\" viewBox=\"0 0 320 512\" xmlns=\"http:\/\/www.w3.org\/2000\/svg\"><path d=\"M320 93.2l-98.2 179.1 7.4 9.5H320v127.7H159.1l-13.5 9.2-43.7 84c-.3 0-8.6 8.6-9.2 9.2H0v-93.2l93.2-179.4-7.4-9.2H0V102.5h156l13.5-9.2 43.7-84c.3 0 8.6-8.6 9.2-9.2H320v93.1z\"><\/path><\/svg>\t\t\t\t<\/span>\n\t\t\t<\/div>\n\t\t\t\n\t\t\t\t\t\t<div class=\"elementor-icon-box-content\">\n\n\t\t\t\t\t\t\t\t\t<h3 class=\"elementor-icon-box-title\">\n\t\t\t\t\t\t<span  >\n\t\t\t\t\t\t\tDesarrollo\t\t\t\t\t\t<\/span>\n\t\t\t\t\t<\/h3>\n\t\t\t\t\n\t\t\t\t\t\t\t\t\t<p class=\"elementor-icon-box-description\">\n\t\t\t\t\t\tApoyar a los notariados emergentes en su modernizaci\u00f3n tecnol\u00f3gica\t\t\t\t\t<\/p>\n\t\t\t\t\n\t\t\t<\/div>\n\t\t\t\n\t\t<\/div>\n\t\t\t\t\t\t<\/div>\n\t\t\t\t<div class=\"elementor-element elementor-element-44ec5b3 elementor-view-default elementor-position-block-start elementor-mobile-position-block-start elementor-widget elementor-widget-icon-box\" data-id=\"44ec5b3\" data-element_type=\"widget\" data-e-type=\"widget\" data-widget_type=\"icon-box.default\">\n\t\t\t\t\t\t\t<div class=\"elementor-icon-box-wrapper\">\n\n\t\t\t\t\t\t<div class=\"elementor-icon-box-icon\">\n\t\t\t\t<span  class=\"elementor-icon\">\n\t\t\t\t<svg aria-hidden=\"true\" class=\"e-font-icon-svg e-fas-hands-helping\" viewBox=\"0 0 640 512\" xmlns=\"http:\/\/www.w3.org\/2000\/svg\"><path d=\"M488 192H336v56c0 39.7-32.3 72-72 72s-72-32.3-72-72V126.4l-64.9 39C107.8 176.9 96 197.8 96 220.2v47.3l-80 46.2C.7 322.5-4.6 342.1 4.3 357.4l80 138.6c8.8 15.3 28.4 20.5 43.7 11.7L231.4 448H368c35.3 0 64-28.7 64-64h16c17.7 0 32-14.3 32-32v-64h8c13.3 0 24-10.7 24-24v-48c0-13.3-10.7-24-24-24zm147.7-37.4L555.7 16C546.9.7 527.3-4.5 512 4.3L408.6 64H306.4c-12 0-23.7 3.4-33.9 9.7L239 94.6c-9.4 5.8-15 16.1-15 27.1V248c0 22.1 17.9 40 40 40s40-17.9 40-40v-88h184c30.9 0 56 25.1 56 56v28.5l80-46.2c15.3-8.9 20.5-28.4 11.7-43.7z\"><\/path><\/svg>\t\t\t\t<\/span>\n\t\t\t<\/div>\n\t\t\t\n\t\t\t\t\t\t<div class=\"elementor-icon-box-content\">\n\n\t\t\t\t\t\t\t\t\t<h3 class=\"elementor-icon-box-title\">\n\t\t\t\t\t\t<span  >\n\t\t\t\t\t\t\tRepresentaci\u00f3n\t\t\t\t\t\t<\/span>\n\t\t\t\t\t<\/h3>\n\t\t\t\t\n\t\t\t\t\t\t\t\t\t<p class=\"elementor-icon-box-description\">\n\t\t\t\t\t\tActuar ante organismos internacionales para defender la funci\u00f3n notarial\t\t\t\t\t<\/p>\n\t\t\t\t\n\t\t\t<\/div>\n\t\t\t\n\t\t<\/div>\n\t\t\t\t\t\t<\/div>\n\t\t\t\t\t<\/div>\n\t\t\t\t<\/div>\n\t\t\t\t<\/div>\n\t\t","protected":false},"excerpt":{"rendered":"<p>La Voz del Notariado a Nivel Mundial: UINL Una organizaci\u00f3n internacional no gubernamental, instituida para promover, coordinar y desarrollar la funci\u00f3n y la actividad notarial en todo el mundo Compromiso con la Seguridad Jur\u00eddica Global La UINL representa a m\u00e1s de 93 pa\u00edses miembros, qu\u00e9 garantizan la autenticidad y legalidad de los actos jur\u00eddicos de [&hellip;]<\/p>\n","protected":false},"author":1,"featured_media":0,"parent":0,"menu_order":0,"comment_status":"closed","ping_status":"closed","template":"","meta":{"footnotes":""},"class_list":["post-2001","page","type-page","status-publish","hentry"],"blocksy_meta":[],"_links":{"self":[{"href":"https:\/\/comisiondeasuntosamericanos.com\/115sesion\/wp-json\/wp\/v2\/pages\/2001","targetHints":{"allow":["GET"]}}],"collection":[{"href":"https:\/\/comisiondeasuntosamericanos.com\/115sesion\/wp-json\/wp\/v2\/pages"}],"about":[{"href":"https:\/\/comisiondeasuntosamericanos.com\/115sesion\/wp-json\/wp\/v2\/types\/page"}],"author":[{"embeddable":true,"href":"https:\/\/comisiondeasuntosamericanos.com\/115sesion\/wp-json\/wp\/v2\/users\/1"}],"replies":[{"embeddable":true,"href":"https:\/\/comisiondeasuntosamericanos.com\/115sesion\/wp-json\/wp\/v2\/comments?post=2001"}],"version-history":[{"count":19,"href":"https:\/\/comisiondeasuntosamericanos.com\/115sesion\/wp-json\/wp\/v2\/pages\/2001\/revisions"}],"predecessor-version":[{"id":2386,"href":"https:\/\/comisiondeasuntosamericanos.com\/115sesion\/wp-json\/wp\/v2\/pages\/2001\/revisions\/2386"}],"wp:attachment":[{"href":"https:\/\/comisiondeasuntosamericanos.com\/115sesion\/wp-json\/wp\/v2\/media?parent=2001"}],"curies":[{"name":"wp","href":"https:\/\/api.w.org\/{rel}","templated":true}]}}