{"id":1674,"date":"2026-02-14T20:35:43","date_gmt":"2026-02-14T20:35:43","guid":{"rendered":"https:\/\/comisiondeasuntosamericanos.com\/115sesion\/?page_id=1674"},"modified":"2026-03-05T01:47:51","modified_gmt":"2026-03-05T01:47:51","slug":"seminario","status":"publish","type":"page","link":"https:\/\/comisiondeasuntosamericanos.com\/115sesion\/seminario\/","title":{"rendered":"Seminario"},"content":{"rendered":"\t\t<div data-elementor-type=\"wp-page\" data-elementor-id=\"1674\" class=\"elementor elementor-1674\">\n\t\t\t\t<div class=\"elementor-element elementor-element-5005577 e-flex e-con-boxed e-con e-parent\" data-id=\"5005577\" data-element_type=\"container\" data-e-type=\"container\">\n\t\t\t\t\t<div class=\"e-con-inner\">\n\t\t<div class=\"elementor-element elementor-element-c16f82e e-con-full e-flex e-con e-child\" data-id=\"c16f82e\" data-element_type=\"container\" data-e-type=\"container\">\n\t\t\t\t<div class=\"elementor-element elementor-element-797dc2a elementor-widget elementor-widget-heading\" data-id=\"797dc2a\" data-element_type=\"widget\" data-e-type=\"widget\" data-widget_type=\"heading.default\">\n\t\t\t\t\t<h2 class=\"elementor-heading-title elementor-size-default\">Evento Acad\u00e9mico Internacional<\/h2>\t\t\t\t<\/div>\n\t\t\t\t<div class=\"elementor-element elementor-element-feae1fa elementor-widget elementor-widget-text-editor\" data-id=\"feae1fa\" data-element_type=\"widget\" data-e-type=\"widget\" data-widget_type=\"text-editor.default\">\n\t\t\t\t\t\t\t\t\t<p>Seminario Internacional: El Notario Pilar de la Seguridad Jur\u00eddica en el Mundo<\/p>\t\t\t\t\t\t\t\t<\/div>\n\t\t\t\t<div class=\"elementor-element elementor-element-011f8b8 elementor-widget elementor-widget-button\" data-id=\"011f8b8\" data-element_type=\"widget\" data-e-type=\"widget\" data-widget_type=\"button.default\">\n\t\t\t\t\t\t\t\t\t\t<a class=\"elementor-button elementor-button-link elementor-size-sm\" href=\"https:\/\/comisiondeasuntosamericanos.com\/115sesion\/registro-al-evento\/\">\n\t\t\t\t\t\t<span class=\"elementor-button-content-wrapper\">\n\t\t\t\t\t\t\t\t\t<span class=\"elementor-button-text\">INSCRIPCION OFICIAL<\/span>\n\t\t\t\t\t<\/span>\n\t\t\t\t\t<\/a>\n\t\t\t\t\t\t\t\t<\/div>\n\t\t\t\t<\/div>\n\t\t<div class=\"elementor-element elementor-element-d38be54 e-con-full e-flex e-con e-child\" data-id=\"d38be54\" data-element_type=\"container\" data-e-type=\"container\">\n\t\t\t\t<div class=\"elementor-element elementor-element-34ab885 elementor-widget elementor-widget-image\" data-id=\"34ab885\" data-element_type=\"widget\" data-e-type=\"widget\" data-widget_type=\"image.default\">\n\t\t\t\t\t\t\t\t\t\t\t\t\t\t\t<img fetchpriority=\"high\" decoding=\"async\" width=\"1024\" height=\"682\" src=\"https:\/\/comisiondeasuntosamericanos.com\/115sesion\/wp-content\/uploads\/2026\/02\/crystal710-event-venue-1597531_1920-1024x682.jpg\" class=\"attachment-large size-large wp-image-1677\" alt=\"\" srcset=\"https:\/\/comisiondeasuntosamericanos.com\/115sesion\/wp-content\/uploads\/2026\/02\/crystal710-event-venue-1597531_1920-1024x682.jpg 1024w, https:\/\/comisiondeasuntosamericanos.com\/115sesion\/wp-content\/uploads\/2026\/02\/crystal710-event-venue-1597531_1920-300x200.jpg 300w, https:\/\/comisiondeasuntosamericanos.com\/115sesion\/wp-content\/uploads\/2026\/02\/crystal710-event-venue-1597531_1920-768x511.jpg 768w, https:\/\/comisiondeasuntosamericanos.com\/115sesion\/wp-content\/uploads\/2026\/02\/crystal710-event-venue-1597531_1920-1536x1022.jpg 1536w, https:\/\/comisiondeasuntosamericanos.com\/115sesion\/wp-content\/uploads\/2026\/02\/crystal710-event-venue-1597531_1920-600x399.jpg 600w, https:\/\/comisiondeasuntosamericanos.com\/115sesion\/wp-content\/uploads\/2026\/02\/crystal710-event-venue-1597531_1920.jpg 1920w\" sizes=\"(max-width: 1024px) 100vw, 1024px\" loading=\"eager\" \/>\t\t\t\t\t\t\t\t\t\t\t\t\t\t\t<\/div>\n\t\t\t\t<\/div>\n\t\t\t\t\t<\/div>\n\t\t\t\t<\/div>\n\t\t<div class=\"elementor-element elementor-element-07b5e68 e-flex e-con-boxed e-con e-parent\" data-id=\"07b5e68\" data-element_type=\"container\" data-e-type=\"container\" data-settings=\"{&quot;background_background&quot;:&quot;classic&quot;}\">\n\t\t\t\t\t<div class=\"e-con-inner\">\n\t\t\t\t<div class=\"elementor-element elementor-element-543b692 elementor-widget elementor-widget-heading\" data-id=\"543b692\" data-element_type=\"widget\" data-e-type=\"widget\" data-widget_type=\"heading.default\">\n\t\t\t\t\t<h2 class=\"elementor-heading-title elementor-size-default\">Ponentes Destacados<\/h2>\t\t\t\t<\/div>\n\t\t\t\t\t<\/div>\n\t\t\t\t<\/div>\n\t\t<div class=\"elementor-element elementor-element-9f287a0 e-flex e-con-boxed e-con e-parent\" data-id=\"9f287a0\" data-element_type=\"container\" data-e-type=\"container\">\n\t\t\t\t\t<div class=\"e-con-inner\">\n\t\t\t\t<div class=\"elementor-element elementor-element-88a9cc1 elementor-widget elementor-widget-html\" data-id=\"88a9cc1\" data-element_type=\"widget\" data-e-type=\"widget\" data-widget_type=\"html.default\">\n\t\t\t\t\t<style>\r\n    \/* Contenedor principal en rejilla - Ajustado a 5 columnas *\/\r\n    .caam-ponentes-container {\r\n        display: grid;\r\n        \/* Define 5 columnas iguales en escritorio, m\u00ednimo 200px en tablets\/m\u00f3vil *\/\r\n        grid-template-columns: repeat(4, 1fr); \r\n        gap: 15px; \/* Reducimos el espacio entre tarjetas para que quepan bien las 5 *\/\r\n        padding: 20px 5px;\r\n        font-family: 'Arial', sans-serif;\r\n    }\r\n\r\n    \/* Tarjeta individual *\/\r\n    .ponente-card {\r\n        background: #ffffff;\r\n        border-radius: 12px;\r\n        overflow: hidden;\r\n        box-shadow: 0 8px 20px rgba(0,0,0,0.08);\r\n        transition: transform 0.3s ease;\r\n        display: flex;\r\n        flex-direction: column;\r\n        height: 100%;\r\n    }\r\n\r\n    .ponente-card:hover {\r\n        transform: translateY(-8px);\r\n    }\r\n\r\n    \/* IMAGEN UNIFORME - Reducida para 5 columnas *\/\r\n    .ponente-image-box {\r\n        width: 100%;\r\n        height: 320px; \r\n        overflow: hidden;\r\n        background-color: #f0f0f0;\r\n        position: relative;\r\n    }\r\n\r\n    .ponente-image-box img {\r\n        width: 100%;\r\n        height: 100%;\r\n        object-fit: cover;\r\n        object-position: top center;\r\n    }\r\n\r\n    \/* Etiqueta de Nacionalidad *\/\r\n    .ponente-country {\r\n        position: absolute;\r\n        bottom: 0;\r\n        right: 0;\r\n        background: #9d7939;\r\n        color: white;\r\n        padding: 4px 10px;\r\n        font-size: 10px;\r\n        font-weight: bold;\r\n        text-transform: uppercase;\r\n        letter-spacing: 0.5px;\r\n        border-radius: 8px 0 0 0;\r\n    }\r\n\r\n    \/* Informaci\u00f3n del Ponente - Ajustada para espacios estrechos *\/\r\n    .ponente-details {\r\n        padding: 15px 10px;\r\n        text-align: center;\r\n        flex-grow: 1;\r\n        display: flex;\r\n        flex-direction: column;\r\n        justify-content: flex-start;\r\n        border-top: 3px solid #1b224e;\r\n    }\r\n\r\n    .ponente-name {\r\n        margin: 0;\r\n        font-size: 15px; \/* Tama\u00f1o reducido para que no salte tantas l\u00edneas *\/\r\n        font-weight: 800;\r\n        color: #1b224e;\r\n        text-transform: uppercase;\r\n        line-height: 1.2;\r\n    }\r\n\r\n    .ponente-nacionalidad-text {\r\n        font-size: 11px;\r\n        color: #9d7939;\r\n        font-weight: 700;\r\n        margin: 6px 0;\r\n        text-transform: uppercase;\r\n    }\r\n\r\n    .ponente-position {\r\n        margin: 4px 0 0 0;\r\n        font-size: 12px; \/* Tama\u00f1o reducido *\/\r\n        color: #666;\r\n        line-height: 1.4;\r\n        font-style: italic;\r\n    }\r\n\r\n    \/* RESPONSIVE: Ajuste para pantallas peque\u00f1as *\/\r\n    @media (max-width: 1200px) {\r\n        .caam-ponentes-container { grid-template-columns: repeat(3, 1fr); }\r\n    }\r\n    @media (max-width: 768px) {\r\n        .caam-ponentes-container { grid-template-columns: repeat(2, 1fr); }\r\n    }\r\n    @media (max-width: 480px) {\r\n        .caam-ponentes-container { grid-template-columns: 1fr; }\r\n        .ponente-image-box { height: 380px; }\r\n    }\r\n<\/style>\r\n\r\n<div class=\"caam-ponentes-container\">\r\n    \r\n        <div class=\"ponente-card\">\r\n        <div class=\"ponente-image-box\">\r\n            <img decoding=\"async\" src=\"https:\/\/comisiondeasuntosamericanos.com\/115sesion\/wp-content\/uploads\/2026\/02\/WhatsApp-Image-2026-02-19-at-5.48.05-PM-e1771553623344.jpeg\" alt=\"Dra. Valentina Rubertelli\">\r\n            <div class=\"ponente-country\">Italia<\/div>\r\n        <\/div>\r\n        <div class=\"ponente-details\">\r\n            <h4 class=\"ponente-name\">Dra. Valentina Rubertelli<\/h4>\r\n            <div class=\"ponente-nacionalidad-text\">Italia<\/div>\r\n            <p class=\"ponente-position\">Presidenta de la Comisi\u00f3n de Asuntos Europeos CAE-UINL<\/p>\r\n        <\/div>\r\n    <\/div>\r\n\r\n    <div class=\"ponente-card\">\r\n        <div class=\"ponente-image-box\">\r\n            <img decoding=\"async\" src=\"https:\/\/comisiondeasuntosamericanos.com\/115sesion\/wp-content\/uploads\/2026\/02\/WhatsApp-Image-2026-02-19-at-5.58.58-PM.jpeg\" alt=\"Dr. Dilshod Ashurov\">\r\n            <div class=\"ponente-country\">Uzbekist\u00e1n<\/div>\r\n        <\/div>\r\n        <div class=\"ponente-details\">\r\n            <h4 class=\"ponente-name\">Dr. Dilshod Ashurov<\/h4>\r\n            <div class=\"ponente-nacionalidad-text\">Uzbekist\u00e1n - Asia<\/div>\r\n            <p class=\"ponente-position\">Vice presidente de la comisi\u00f3n de Asuntos Asi\u00e1ticos CAAs - UINL<\/p>\r\n        <\/div>\r\n    <\/div>\r\n\r\n    <div class=\"ponente-card\">\r\n        <div class=\"ponente-image-box\">\r\n            <img decoding=\"async\" src=\"https:\/\/comisiondeasuntosamericanos.com\/115sesion\/wp-content\/uploads\/2026\/03\/Ricardo-Vargas.png\" alt=\"Not. Ricardo Vargas Navarro\">\r\n            <div class=\"ponente-country\">Mexico<\/div>\r\n        <\/div>\r\n        <div class=\"ponente-details\">\r\n            <h4 class=\"ponente-name\">Not. Ricardo Vargas Navarro<\/h4>\r\n            <div class=\"ponente-nacionalidad-text\">Mexico<\/div>\r\n            <p class=\"ponente-position\">Presidente del Colegio del Notariado Mexicano<\/p>\r\n        <\/div>\r\n    <\/div>\r\n\r\n        <div class=\"ponente-card\">\r\n        <div class=\"ponente-image-box\">\r\n            <img decoding=\"async\" src=\"https:\/\/comisiondeasuntosamericanos.com\/115sesion\/wp-content\/uploads\/2026\/02\/WhatsApp-Image-2026-02-19-at-10.12.20-PM.jpeg\" alt=\"Dr. Thierry Vachon\">\r\n            <div class=\"ponente-country\">Francia<\/div>\r\n        <\/div>\r\n        <div class=\"ponente-details\">\r\n            <h4 class=\"ponente-name\">Dr. Thierry Vachon<\/h4>\r\n            <div class=\"ponente-nacionalidad-text\">Francia<\/div>\r\n            <p class=\"ponente-position\">Comisi\u00f3n de Cooperaci\u00f3n Notarial Internacional CCNI - UINL<\/p>\r\n        <\/div>\r\n    <\/div>\r\n    \r\n    \r\n\r\n    <\/div>\t\t\t\t<\/div>\n\t\t\t\t\t<\/div>\n\t\t\t\t<\/div>\n\t\t<div class=\"elementor-element elementor-element-a893c82 e-flex e-con-boxed e-con e-parent\" data-id=\"a893c82\" data-element_type=\"container\" data-e-type=\"container\" data-settings=\"{&quot;background_background&quot;:&quot;classic&quot;}\">\n\t\t\t\t\t<div class=\"e-con-inner\">\n\t\t\t\t<div class=\"elementor-element elementor-element-9dbad0c elementor-widget elementor-widget-heading\" data-id=\"9dbad0c\" data-element_type=\"widget\" data-e-type=\"widget\" data-widget_type=\"heading.default\">\n\t\t\t\t\t<h2 class=\"elementor-heading-title elementor-size-default\">Ejes Tem\u00e1ticos<\/h2>\t\t\t\t<\/div>\n\t\t\t\t\t<\/div>\n\t\t\t\t<\/div>\n\t\t<div class=\"elementor-element elementor-element-66b3136 e-flex e-con-boxed e-con e-parent\" data-id=\"66b3136\" data-element_type=\"container\" data-e-type=\"container\">\n\t\t\t\t\t<div class=\"e-con-inner\">\n\t\t\t\t<div class=\"elementor-element elementor-element-74031a8 elementor-view-default elementor-position-block-start elementor-mobile-position-block-start elementor-widget elementor-widget-icon-box\" data-id=\"74031a8\" data-element_type=\"widget\" data-e-type=\"widget\" data-widget_type=\"icon-box.default\">\n\t\t\t\t\t\t\t<div class=\"elementor-icon-box-wrapper\">\n\n\t\t\t\t\t\t<div class=\"elementor-icon-box-icon\">\n\t\t\t\t<span  class=\"elementor-icon\">\n\t\t\t\t<svg aria-hidden=\"true\" class=\"e-font-icon-svg e-fas-shield-alt\" viewBox=\"0 0 512 512\" xmlns=\"http:\/\/www.w3.org\/2000\/svg\"><path d=\"M466.5 83.7l-192-80a48.15 48.15 0 0 0-36.9 0l-192 80C27.7 91.1 16 108.6 16 128c0 198.5 114.5 335.7 221.5 380.3 11.8 4.9 25.1 4.9 36.9 0C360.1 472.6 496 349.3 496 128c0-19.4-11.7-36.9-29.5-44.3zM256.1 446.3l-.1-381 175.9 73.3c-3.3 151.4-82.1 261.1-175.8 307.7z\"><\/path><\/svg>\t\t\t\t<\/span>\n\t\t\t<\/div>\n\t\t\t\n\t\t\t\t\t\t<div class=\"elementor-icon-box-content\">\n\n\t\t\t\t\t\t\t\t\t<h3 class=\"elementor-icon-box-title\">\n\t\t\t\t\t\t<span  >\n\t\t\t\t\t\t\tSeguridad Jur\u00eddica Preventiva\t\t\t\t\t\t<\/span>\n\t\t\t\t\t<\/h3>\n\t\t\t\t\n\t\t\t\t\t\t\t\t\t<p class=\"elementor-icon-box-description\">\n\t\t\t\t\t\tEl rol del notario en la prevenci\u00f3n de litigios\t\t\t\t\t<\/p>\n\t\t\t\t\n\t\t\t<\/div>\n\t\t\t\n\t\t<\/div>\n\t\t\t\t\t\t<\/div>\n\t\t\t\t<div class=\"elementor-element elementor-element-85628f4 elementor-view-default elementor-position-block-start elementor-mobile-position-block-start elementor-widget elementor-widget-icon-box\" data-id=\"85628f4\" data-element_type=\"widget\" data-e-type=\"widget\" data-widget_type=\"icon-box.default\">\n\t\t\t\t\t\t\t<div class=\"elementor-icon-box-wrapper\">\n\n\t\t\t\t\t\t<div class=\"elementor-icon-box-icon\">\n\t\t\t\t<span  class=\"elementor-icon\">\n\t\t\t\t<svg aria-hidden=\"true\" class=\"e-font-icon-svg e-fas-microchip\" viewBox=\"0 0 512 512\" xmlns=\"http:\/\/www.w3.org\/2000\/svg\"><path d=\"M416 48v416c0 26.51-21.49 48-48 48H144c-26.51 0-48-21.49-48-48V48c0-26.51 21.49-48 48-48h224c26.51 0 48 21.49 48 48zm96 58v12a6 6 0 0 1-6 6h-18v6a6 6 0 0 1-6 6h-42V88h42a6 6 0 0 1 6 6v6h18a6 6 0 0 1 6 6zm0 96v12a6 6 0 0 1-6 6h-18v6a6 6 0 0 1-6 6h-42v-48h42a6 6 0 0 1 6 6v6h18a6 6 0 0 1 6 6zm0 96v12a6 6 0 0 1-6 6h-18v6a6 6 0 0 1-6 6h-42v-48h42a6 6 0 0 1 6 6v6h18a6 6 0 0 1 6 6zm0 96v12a6 6 0 0 1-6 6h-18v6a6 6 0 0 1-6 6h-42v-48h42a6 6 0 0 1 6 6v6h18a6 6 0 0 1 6 6zM30 376h42v48H30a6 6 0 0 1-6-6v-6H6a6 6 0 0 1-6-6v-12a6 6 0 0 1 6-6h18v-6a6 6 0 0 1 6-6zm0-96h42v48H30a6 6 0 0 1-6-6v-6H6a6 6 0 0 1-6-6v-12a6 6 0 0 1 6-6h18v-6a6 6 0 0 1 6-6zm0-96h42v48H30a6 6 0 0 1-6-6v-6H6a6 6 0 0 1-6-6v-12a6 6 0 0 1 6-6h18v-6a6 6 0 0 1 6-6zm0-96h42v48H30a6 6 0 0 1-6-6v-6H6a6 6 0 0 1-6-6v-12a6 6 0 0 1 6-6h18v-6a6 6 0 0 1 6-6z\"><\/path><\/svg>\t\t\t\t<\/span>\n\t\t\t<\/div>\n\t\t\t\n\t\t\t\t\t\t<div class=\"elementor-icon-box-content\">\n\n\t\t\t\t\t\t\t\t\t<h3 class=\"elementor-icon-box-title\">\n\t\t\t\t\t\t<span  >\n\t\t\t\t\t\t\tInnovaci\u00f3n Tecnol\u00f3gica\t\t\t\t\t\t<\/span>\n\t\t\t\t\t<\/h3>\n\t\t\t\t\n\t\t\t\t\t\t\t\t\t<p class=\"elementor-icon-box-description\">\n\t\t\t\t\t\tAplicaci\u00f3n de nuevas tecnolog\u00edas en la funci\u00f3n notarial\t\t\t\t\t<\/p>\n\t\t\t\t\n\t\t\t<\/div>\n\t\t\t\n\t\t<\/div>\n\t\t\t\t\t\t<\/div>\n\t\t\t\t<div class=\"elementor-element elementor-element-38580d4 elementor-view-default elementor-position-block-start elementor-mobile-position-block-start elementor-widget elementor-widget-icon-box\" data-id=\"38580d4\" data-element_type=\"widget\" data-e-type=\"widget\" data-widget_type=\"icon-box.default\">\n\t\t\t\t\t\t\t<div class=\"elementor-icon-box-wrapper\">\n\n\t\t\t\t\t\t<div class=\"elementor-icon-box-icon\">\n\t\t\t\t<span  class=\"elementor-icon\">\n\t\t\t\t<svg aria-hidden=\"true\" class=\"e-font-icon-svg e-fas-handshake\" viewBox=\"0 0 640 512\" xmlns=\"http:\/\/www.w3.org\/2000\/svg\"><path d=\"M434.7 64h-85.9c-8 0-15.7 3-21.6 8.4l-98.3 90c-.1.1-.2.3-.3.4-16.6 15.6-16.3 40.5-2.1 56 12.7 13.9 39.4 17.6 56.1 2.7.1-.1.3-.1.4-.2l79.9-73.2c6.5-5.9 16.7-5.5 22.6 1 6 6.5 5.5 16.6-1 22.6l-26.1 23.9L504 313.8c2.9 2.4 5.5 5 7.9 7.7V128l-54.6-54.6c-5.9-6-14.1-9.4-22.6-9.4zM544 128.2v223.9c0 17.7 14.3 32 32 32h64V128.2h-96zm48 223.9c-8.8 0-16-7.2-16-16s7.2-16 16-16 16 7.2 16 16-7.2 16-16 16zM0 384h64c17.7 0 32-14.3 32-32V128.2H0V384zm48-63.9c8.8 0 16 7.2 16 16s-7.2 16-16 16-16-7.2-16-16c0-8.9 7.2-16 16-16zm435.9 18.6L334.6 217.5l-30 27.5c-29.7 27.1-75.2 24.5-101.7-4.4-26.9-29.4-24.8-74.9 4.4-101.7L289.1 64h-83.8c-8.5 0-16.6 3.4-22.6 9.4L128 128v223.9h18.3l90.5 81.9c27.4 22.3 67.7 18.1 90-9.3l.2-.2 17.9 15.5c15.9 13 39.4 10.5 52.3-5.4l31.4-38.6 5.4 4.4c13.7 11.1 33.9 9.1 45-4.7l9.5-11.7c11.2-13.8 9.1-33.9-4.6-45.1z\"><\/path><\/svg>\t\t\t\t<\/span>\n\t\t\t<\/div>\n\t\t\t\n\t\t\t\t\t\t<div class=\"elementor-icon-box-content\">\n\n\t\t\t\t\t\t\t\t\t<h3 class=\"elementor-icon-box-title\">\n\t\t\t\t\t\t<span  >\n\t\t\t\t\t\t\tDeontolog\u00eda y \u00c9tica\t\t\t\t\t\t<\/span>\n\t\t\t\t\t<\/h3>\n\t\t\t\t\n\t\t\t\t\t\t\t\t\t<p class=\"elementor-icon-box-description\">\n\t\t\t\t\t\tEl compromiso profesional del notariado global\t\t\t\t\t<\/p>\n\t\t\t\t\n\t\t\t<\/div>\n\t\t\t\n\t\t<\/div>\n\t\t\t\t\t\t<\/div>\n\t\t\t\t<div class=\"elementor-element elementor-element-00b01d2 elementor-view-default elementor-position-block-start elementor-mobile-position-block-start elementor-widget elementor-widget-icon-box\" data-id=\"00b01d2\" data-element_type=\"widget\" data-e-type=\"widget\" data-widget_type=\"icon-box.default\">\n\t\t\t\t\t\t\t<div class=\"elementor-icon-box-wrapper\">\n\n\t\t\t\t\t\t<div class=\"elementor-icon-box-icon\">\n\t\t\t\t<span  class=\"elementor-icon\">\n\t\t\t\t<svg aria-hidden=\"true\" class=\"e-font-icon-svg e-fas-fingerprint\" viewBox=\"0 0 512 512\" xmlns=\"http:\/\/www.w3.org\/2000\/svg\"><path d=\"M256.12 245.96c-13.25 0-24 10.74-24 24 1.14 72.25-8.14 141.9-27.7 211.55-2.73 9.72 2.15 30.49 23.12 30.49 10.48 0 20.11-6.92 23.09-17.52 13.53-47.91 31.04-125.41 29.48-224.52.01-13.25-10.73-24-23.99-24zm-.86-81.73C194 164.16 151.25 211.3 152.1 265.32c.75 47.94-3.75 95.91-13.37 142.55-2.69 12.98 5.67 25.69 18.64 28.36 13.05 2.67 25.67-5.66 28.36-18.64 10.34-50.09 15.17-101.58 14.37-153.02-.41-25.95 19.92-52.49 54.45-52.34 31.31.47 57.15 25.34 57.62 55.47.77 48.05-2.81 96.33-10.61 143.55-2.17 13.06 6.69 25.42 19.76 27.58 19.97 3.33 26.81-15.1 27.58-19.77 8.28-50.03 12.06-101.21 11.27-152.11-.88-55.8-47.94-101.88-104.91-102.72zm-110.69-19.78c-10.3-8.34-25.37-6.8-33.76 3.48-25.62 31.5-39.39 71.28-38.75 112 .59 37.58-2.47 75.27-9.11 112.05-2.34 13.05 6.31 25.53 19.36 27.89 20.11 3.5 27.07-14.81 27.89-19.36 7.19-39.84 10.5-80.66 9.86-121.33-.47-29.88 9.2-57.88 28-80.97 8.35-10.28 6.79-25.39-3.49-33.76zm109.47-62.33c-15.41-.41-30.87 1.44-45.78 4.97-12.89 3.06-20.87 15.98-17.83 28.89 3.06 12.89 16 20.83 28.89 17.83 11.05-2.61 22.47-3.77 34-3.69 75.43 1.13 137.73 61.5 138.88 134.58.59 37.88-1.28 76.11-5.58 113.63-1.5 13.17 7.95 25.08 21.11 26.58 16.72 1.95 25.51-11.88 26.58-21.11a929.06 929.06 0 0 0 5.89-119.85c-1.56-98.75-85.07-180.33-186.16-181.83zm252.07 121.45c-2.86-12.92-15.51-21.2-28.61-18.27-12.94 2.86-21.12 15.66-18.26 28.61 4.71 21.41 4.91 37.41 4.7 61.6-.11 13.27 10.55 24.09 23.8 24.2h.2c13.17 0 23.89-10.61 24-23.8.18-22.18.4-44.11-5.83-72.34zm-40.12-90.72C417.29 43.46 337.6 1.29 252.81.02 183.02-.82 118.47 24.91 70.46 72.94 24.09 119.37-.9 181.04.14 246.65l-.12 21.47c-.39 13.25 10.03 24.31 23.28 24.69.23.02.48.02.72.02 12.92 0 23.59-10.3 23.97-23.3l.16-23.64c-.83-52.5 19.16-101.86 56.28-139 38.76-38.8 91.34-59.67 147.68-58.86 69.45 1.03 134.73 35.56 174.62 92.39 7.61 10.86 22.56 13.45 33.42 5.86 10.84-7.62 13.46-22.59 5.84-33.43z\"><\/path><\/svg>\t\t\t\t<\/span>\n\t\t\t<\/div>\n\t\t\t\n\t\t\t\t\t\t<div class=\"elementor-icon-box-content\">\n\n\t\t\t\t\t\t\t\t\t<h3 class=\"elementor-icon-box-title\">\n\t\t\t\t\t\t<span  >\n\t\t\t\t\t\t\tDigitalizaci\u00f3n y Autenticidad\t\t\t\t\t\t<\/span>\n\t\t\t\t\t<\/h3>\n\t\t\t\t\n\t\t\t\t\t\t\t\t\t<p class=\"elementor-icon-box-description\">\n\t\t\t\t\t\tRetos del notariado en el entorno digital\t\t\t\t\t<\/p>\n\t\t\t\t\n\t\t\t<\/div>\n\t\t\t\n\t\t<\/div>\n\t\t\t\t\t\t<\/div>\n\t\t\t\t\t<\/div>\n\t\t\t\t<\/div>\n\t\t<div class=\"elementor-element elementor-element-702bf15 e-flex e-con-boxed e-con e-parent\" data-id=\"702bf15\" data-element_type=\"container\" data-e-type=\"container\">\n\t\t\t\t\t<div class=\"e-con-inner\">\n\t\t<div class=\"elementor-element elementor-element-c1a91ec e-con-full e-flex e-con e-child\" data-id=\"c1a91ec\" data-element_type=\"container\" data-e-type=\"container\">\n\t\t\t\t<div class=\"elementor-element elementor-element-cd37e83 elementor-widget elementor-widget-heading\" data-id=\"cd37e83\" data-element_type=\"widget\" data-e-type=\"widget\" data-widget_type=\"heading.default\">\n\t\t\t\t\t<h2 class=\"elementor-heading-title elementor-size-default\">Certificaci\u00f3n Acad\u00e9mica Oficial<\/h2>\t\t\t\t<\/div>\n\t\t\t\t<div class=\"elementor-element elementor-element-9184841 elementor-widget elementor-widget-text-editor\" data-id=\"9184841\" data-element_type=\"widget\" data-e-type=\"widget\" data-widget_type=\"text-editor.default\">\n\t\t\t\t\t\t\t\t\t<p>Se otorgar\u00e1 2 certificados de participaci\u00f3n avalado por la <b data-path-to-node=\"8,1,0\" data-index-in-node=\"73\">UINL<\/b> y la <b data-path-to-node=\"8,1,0\" data-index-in-node=\"83\">CAAm<\/b> a todos los asistentes que cumplan con la carga horaria del seminario<\/p>\t\t\t\t\t\t\t\t<\/div>\n\t\t\t\t<\/div>\n\t\t<div class=\"elementor-element elementor-element-2eef553 e-con-full e-flex e-con e-child\" data-id=\"2eef553\" data-element_type=\"container\" data-e-type=\"container\">\n\t\t\t\t<div class=\"elementor-element elementor-element-ea7c0fa elementor-widget elementor-widget-image\" data-id=\"ea7c0fa\" data-element_type=\"widget\" data-e-type=\"widget\" data-widget_type=\"image.default\">\n\t\t\t\t\t\t\t\t\t\t\t\t\t\t\t<img decoding=\"async\" width=\"1024\" height=\"683\" src=\"https:\/\/comisiondeasuntosamericanos.com\/115sesion\/wp-content\/uploads\/2026\/02\/certificados-1024x683.png\" class=\"attachment-large size-large wp-image-2308\" alt=\"\" srcset=\"https:\/\/comisiondeasuntosamericanos.com\/115sesion\/wp-content\/uploads\/2026\/02\/certificados-1024x683.png 1024w, https:\/\/comisiondeasuntosamericanos.com\/115sesion\/wp-content\/uploads\/2026\/02\/certificados-300x200.png 300w, https:\/\/comisiondeasuntosamericanos.com\/115sesion\/wp-content\/uploads\/2026\/02\/certificados-768x512.png 768w, https:\/\/comisiondeasuntosamericanos.com\/115sesion\/wp-content\/uploads\/2026\/02\/certificados-600x400.png 600w, https:\/\/comisiondeasuntosamericanos.com\/115sesion\/wp-content\/uploads\/2026\/02\/certificados.png 1536w\" sizes=\"(max-width: 1024px) 100vw, 1024px\" loading=\"eager\" \/>\t\t\t\t\t\t\t\t\t\t\t\t\t\t\t<\/div>\n\t\t\t\t<\/div>\n\t\t\t\t\t<\/div>\n\t\t\t\t<\/div>\n\t\t\t\t<\/div>\n\t\t","protected":false},"excerpt":{"rendered":"<p>Evento Acad\u00e9mico Internacional Seminario Internacional: El Notario Pilar de la Seguridad Jur\u00eddica en el Mundo INSCRIPCION OFICIAL Ponentes Destacados Italia Dra. Valentina Rubertelli Italia Presidenta de la Comisi\u00f3n de Asuntos Europeos CAE-UINL Uzbekist\u00e1n Dr. Dilshod Ashurov Uzbekist\u00e1n &#8211; Asia Vice presidente de la comisi\u00f3n de Asuntos Asi\u00e1ticos CAAs &#8211; UINL Mexico Not. Ricardo Vargas Navarro [&hellip;]<\/p>\n","protected":false},"author":1,"featured_media":0,"parent":0,"menu_order":0,"comment_status":"closed","ping_status":"closed","template":"","meta":{"footnotes":""},"class_list":["post-1674","page","type-page","status-publish","hentry"],"blocksy_meta":[],"_links":{"self":[{"href":"https:\/\/comisiondeasuntosamericanos.com\/115sesion\/wp-json\/wp\/v2\/pages\/1674","targetHints":{"allow":["GET"]}}],"collection":[{"href":"https:\/\/comisiondeasuntosamericanos.com\/115sesion\/wp-json\/wp\/v2\/pages"}],"about":[{"href":"https:\/\/comisiondeasuntosamericanos.com\/115sesion\/wp-json\/wp\/v2\/types\/page"}],"author":[{"embeddable":true,"href":"https:\/\/comisiondeasuntosamericanos.com\/115sesion\/wp-json\/wp\/v2\/users\/1"}],"replies":[{"embeddable":true,"href":"https:\/\/comisiondeasuntosamericanos.com\/115sesion\/wp-json\/wp\/v2\/comments?post=1674"}],"version-history":[{"count":51,"href":"https:\/\/comisiondeasuntosamericanos.com\/115sesion\/wp-json\/wp\/v2\/pages\/1674\/revisions"}],"predecessor-version":[{"id":2444,"href":"https:\/\/comisiondeasuntosamericanos.com\/115sesion\/wp-json\/wp\/v2\/pages\/1674\/revisions\/2444"}],"wp:attachment":[{"href":"https:\/\/comisiondeasuntosamericanos.com\/115sesion\/wp-json\/wp\/v2\/media?parent=1674"}],"curies":[{"name":"wp","href":"https:\/\/api.w.org\/{rel}","templated":true}]}}